{"id":7,"date":"2026-04-10T23:06:24","date_gmt":"2026-04-10T23:06:24","guid":{"rendered":"https:\/\/glowwalldecor.com\/?page_id=7"},"modified":"2026-05-01T16:30:18","modified_gmt":"2026-05-01T16:30:18","slug":"home","status":"publish","type":"page","link":"https:\/\/glowwalldecor.com\/","title":{"rendered":"Home"},"content":{"rendered":"\t\t<div data-elementor-type=\"wp-post\" data-elementor-id=\"7\" class=\"elementor elementor-7\" data-elementor-post-type=\"page\">\n\t\t\t\t<div class=\"elementor-element elementor-element-2390e68 e-con-full e-flex e-con e-parent\" data-id=\"2390e68\" data-element_type=\"container\" data-e-type=\"container\">\n\t\t\t\t<div class=\"elementor-element elementor-element-68b1926 elementor-widget elementor-widget-slider_revolution\" data-id=\"68b1926\" data-element_type=\"widget\" data-e-type=\"widget\" data-widget_type=\"slider_revolution.default\">\n\t\t\t\t\t<div class=\"wp-block-themepunch-revslider revslider\">\n\t\t\t\t<p class=\"rs-p-wp-fix\"><\/p>\n\t\t\t\t<sr7-module data-alias=\"generated-slider\" data-id=\"1\" id=\"SR7_1_1\" data-version=\"7.0.7.1\">\n\t\t\t\t\t<sr7-adjuster><\/sr7-adjuster>\n\t\t\t\t\t<sr7-content>\n\t\t\t\t\t\t<sr7-slide id=\"SR7_1_1-1\" data-key=\"1\">\n\t\t\t\t\t\t\t<h1 id=\"SR7_1_1-1-5\" class=\"sr7-layer\"> Transforma tu Espacio <br>con Elegancia y Luz<\/h1>\n\t\t\t\t\t\t\t<p id=\"SR7_1_1-1-7\" class=\"sr7-layer\">Dise\u00f1os exclusivos de espejos iluminados, paneles decorativos y muebles flotantes. <br>La pieza central que tu hogar en Miami necesita.<\/p>\n\t\t\t\t\t\t\t<sr7-txt id=\"SR7_1_1-1-8\" class=\"sr7-layer\">Ver Catalogo<\/sr7-txt>\n\t\t\t\t\t\t<\/sr7-slide>\n\t\t\t\t\t\t<sr7-slide id=\"SR7_1_1-5\" data-key=\"5\">\n\t\t\t\t\t\t\t<h1 id=\"SR7_1_1-5-5\" class=\"sr7-layer\"> Transforma tu Espacio <br>con Elegancia y Luz<\/h1>\n\t\t\t\t\t\t\t<p id=\"SR7_1_1-5-7\" class=\"sr7-layer\">Dise\u00f1os exclusivos de espejos iluminados, paneles decorativos y muebles flotantes. <br>La pieza central que tu hogar en Miami necesita.<\/p>\n\t\t\t\t\t\t\t<sr7-txt id=\"SR7_1_1-5-8\" class=\"sr7-layer\">Ver Catalogo<\/sr7-txt>\n\t\t\t\t\t\t<\/sr7-slide>\n\t\t\t\t\t\t<sr7-slide id=\"SR7_1_1-2\" data-key=\"2\">\n\t\t\t\t\t\t\t<sr7-txt id=\"SR7_1_1-2-7\" class=\"sr7-layer\"><i class='material-icons'>keyboard_arrow_right<\/i><\/sr7-txt>\n\t\t\t\t\t\t\t<sr7-txt id=\"SR7_1_1-2-12\" class=\"sr7-layer\"><i class='material-icons'>keyboard_arrow_left<\/i><\/sr7-txt>\n\t\t\t\t\t\t<\/sr7-slide>\n\t\t\t\t\t<\/sr7-content>\n\t\t\t\t\t<image_lists style=\"display:none\">\n\t\t\t\t\t\t<img data-src=\"\/\/glowwalldecor.com\/wp-content\/uploads\/revslider\/video-media\/Video_de_Instalacion_de_Pared_Decorada.webp\" width=\"0\" height=\"0\" data-dbsrc=\"Ly9nbG93d2FsbGRlY29yLmNvbS93cC1jb250ZW50L3VwbG9hZHMvcmV2c2xpZGVyL3ZpZGVvLW1lZGlhL1ZpZGVvX2RlX0luc3RhbGFjaW9uX2RlX1BhcmVkX0RlY29yYWRhLndlYnA=\"\/>\n\t\t\t\t\t\t<img data-src=\"\/\/glowwalldecor.com\/wp-content\/uploads\/revslider\/o\/1\/0b12ed1305036791d1bb548163a8be73.webp\" width=\"0\" height=\"0\" data-dbsrc=\"Ly9nbG93d2FsbGRlY29yLmNvbS93cC1jb250ZW50L3VwbG9hZHMvMjAyNi8wNC9HZW1pbmlfR2VuZXJhdGVkX0ltYWdlX28yNTdiM28yNTdiM28yNTctc2NhbGVkLnBuZw==\"\/>\n\t\t\t\t\t<\/image_lists>\n\t\t\t\t<\/sr7-module>\n\t\t\t\t<script>\n\t\t\t\t\twindow.SR7??={}; SR7.PMH ??={}; SR7.PMH[\"SR7_1_1\"] = {cn:100,state:false,fn: function() { if (window._tpt!==undefined && window._tpt.prepareModuleHeight !== undefined) {  _tpt.prepareModuleHeight({id:\"SR7_1_1\",el:[900,900,900,900,731],type:'standard',gh:[900,900,900,900,600],gw:[1240,1240,1240,1240,480],vpt:['100px'],size:{fullWidth:true, fullHeight:true},fho:'',mh:'0',onh:0,onw:0,bg:{color:''}});   SR7.PMH[\"SR7_1_1\"].state=true;} else if(SR7.PMH[\"SR7_1_1\"].cn-->0)\tsetTimeout( SR7.PMH[\"SR7_1_1\"].fn,19);}};SR7.PMH[\"SR7_1_1\" ].fn();\n\t\t\t\t<\/script>\n<\/div>\t\t\t\t<\/div>\n\t\t\t\t<\/div>\n\t\t<div class=\"elementor-element elementor-element-cb96f7a e-con-full e-flex e-con e-parent\" data-id=\"cb96f7a\" data-element_type=\"container\" data-e-type=\"container\" data-settings=\"{&quot;background_background&quot;:&quot;classic&quot;}\">\n\t\t<div class=\"elementor-element elementor-element-56d9766 e-con-full e-flex e-con e-child\" data-id=\"56d9766\" data-element_type=\"container\" data-e-type=\"container\">\n\t\t\t\t\t\t\t\n\t\t<img class=\"e-image-base e-dd29371-99252d3\" \n\t\t\t\t\tdata-interaction-id=\"dd29371\" \n\t\t \n\t\t data-e-type=\"widget\" data-id=\"dd29371\"\n\t\t\t\t\t\t\t\t\tid=\"31\"\n\t\t\t\t\t\t\t\t\t\t\t\tsrc=\"https:\/\/glowwalldecor.com\/wp-content\/uploads\/2026\/04\/WhatsApp-Image-2026-03-20-at-10.34.46-AM.jpeg\"\n\t\t\t\t\t\t\t\t\t\t\t\twidth=\"1536\"\n\t\t\t\t\t\t\t\t\t\t\t\theight=\"1024\"\n\t\t\t\t\t\t\t\t\t\t\t\tsrcset=\"https:\/\/glowwalldecor.com\/wp-content\/uploads\/2026\/04\/WhatsApp-Image-2026-03-20-at-10.34.46-AM.jpeg 1536w, https:\/\/glowwalldecor.com\/wp-content\/uploads\/2026\/04\/WhatsApp-Image-2026-03-20-at-10.34.46-AM-300x200.jpeg 300w, https:\/\/glowwalldecor.com\/wp-content\/uploads\/2026\/04\/WhatsApp-Image-2026-03-20-at-10.34.46-AM-1024x683.jpeg 1024w, https:\/\/glowwalldecor.com\/wp-content\/uploads\/2026\/04\/WhatsApp-Image-2026-03-20-at-10.34.46-AM-768x512.jpeg 768w\"\n\t\t\t\t\t\t\t\t\t\t\t\talt=\"\"\n\t\t\t\t\t\t\/>\n\t\t\t\t\t<div class=\"elementor-element elementor-element-8d9584a elementor-widget elementor-widget-button\" data-id=\"8d9584a\" data-element_type=\"widget\" data-e-type=\"widget\" data-widget_type=\"button.default\">\n\t\t\t\t\t\t\t\t\t\t<a class=\"elementor-button elementor-button-link elementor-size-sm\" href=\"https:\/\/wa.me\/17866228980\">\n\t\t\t\t\t\t<span class=\"elementor-button-content-wrapper\">\n\t\t\t\t\t\t<span class=\"elementor-button-icon\">\n\t\t\t\t<svg aria-hidden=\"true\" class=\"e-font-icon-svg e-fab-whatsapp\" viewBox=\"0 0 448 512\" xmlns=\"http:\/\/www.w3.org\/2000\/svg\"><path d=\"M380.9 97.1C339 55.1 283.2 32 223.9 32c-122.4 0-222 99.6-222 222 0 39.1 10.2 77.3 29.6 111L0 480l117.7-30.9c32.4 17.7 68.9 27 106.1 27h.1c122.3 0 224.1-99.6 224.1-222 0-59.3-25.2-115-67.1-157zm-157 341.6c-33.2 0-65.7-8.9-94-25.7l-6.7-4-69.8 18.3L72 359.2l-4.4-7c-18.5-29.4-28.2-63.3-28.2-98.2 0-101.7 82.8-184.5 184.6-184.5 49.3 0 95.6 19.2 130.4 54.1 34.8 34.9 56.2 81.2 56.1 130.5 0 101.8-84.9 184.6-186.6 184.6zm101.2-138.2c-5.5-2.8-32.8-16.2-37.9-18-5.1-1.9-8.8-2.8-12.5 2.8-3.7 5.6-14.3 18-17.6 21.8-3.2 3.7-6.5 4.2-12 1.4-32.6-16.3-54-29.1-75.5-66-5.7-9.8 5.7-9.1 16.3-30.3 1.8-3.7.9-6.9-.5-9.7-1.4-2.8-12.5-30.1-17.1-41.2-4.5-10.8-9.1-9.3-12.5-9.5-3.2-.2-6.9-.2-10.6-.2-3.7 0-9.7 1.4-14.8 6.9-5.1 5.6-19.4 19-19.4 46.3 0 27.3 19.9 53.7 22.6 57.4 2.8 3.7 39.1 59.7 94.8 83.8 35.2 15.2 49 16.5 66.6 13.9 10.7-1.6 32.8-13.4 37.4-26.4 4.6-13 4.6-24.1 3.2-26.4-1.3-2.5-5-3.9-10.5-6.6z\"><\/path><\/svg>\t\t\t<\/span>\n\t\t\t\t\t\t\t\t\t<span class=\"elementor-button-text\">+1 (786) 622-8980<\/span>\n\t\t\t\t\t<\/span>\n\t\t\t\t\t<\/a>\n\t\t\t\t\t\t\t\t<\/div>\n\t\t\t\t\t\t\t\t<p class=\"e-c002be6-ca91b42 e-paragraph-base\" data-interaction-id=\"c002be6\"  data-e-type=\"widget\" data-id=\"c002be6\">\n\t\t\t\t\t\t\t\tOrdena Ahora\n\t\t\t\t\t<\/p>\n\t\t\t\t<\/div>\n\t\t<div class=\"elementor-element elementor-element-80203d0 e-flex e-con-boxed e-con e-child\" data-id=\"80203d0\" data-element_type=\"container\" data-e-type=\"container\">\n\t\t\t\t\t<div class=\"e-con-inner\">\n\t\t\t\t\t\t\t\t<p class=\"e-82f0294-8b8d747 e-paragraph-base\" data-interaction-id=\"82f0294\"  data-e-type=\"widget\" data-id=\"82f0294\">\n\t\t\t\t\t\t\t\tBienvenidos a <strong id=\"e-mntslw9l-rje1txz\">Glowwall Decor<\/strong>. <br>Somos una empresa con sede en Miami, Florida, especializada en la creaci\u00f3n y venta de piezas de decoraci\u00f3n de interiores de alta gama.\n\t\t\t\t\t<\/p>\n\t\t\t\t\t<\/div>\n\t\t\t\t<\/div>\n\t\t\t\t<\/div>\n\t\t<div class=\"elementor-element elementor-element-0a43345 e-con-full e-flex e-con e-parent\" data-id=\"0a43345\" data-element_type=\"container\" data-e-type=\"container\" data-settings=\"{&quot;background_background&quot;:&quot;video&quot;,&quot;background_video_link&quot;:&quot;https:\\\/\\\/glowwalldecor.com\\\/wp-content\\\/uploads\\\/2026\\\/04\\\/Animacion_de_Sala_y_Decoracion.mp4&quot;}\">\n\t\t<div class=\"elementor-background-video-container elementor-hidden-mobile\">\n\t\t\t\t\t\t\t<video class=\"elementor-background-video-hosted\" role=\"presentation\" autoplay muted playsinline loop><\/video>\n\t\t\t\t\t<\/div><div class=\"elementor-element elementor-element-6244359 e-con-full e-flex e-con e-child\" data-id=\"6244359\" data-element_type=\"container\" data-e-type=\"container\" data-settings=\"{&quot;background_background&quot;:&quot;classic&quot;}\">\n\t\t<div class=\"elementor-element elementor-element-4048a7b e-con-full e-flex e-con e-child\" data-id=\"4048a7b\" data-element_type=\"container\" data-e-type=\"container\" data-settings=\"{&quot;background_background&quot;:&quot;gradient&quot;}\">\n\t\t\t\t\t\t\t\t<p class=\"e-f7528e7-bfbb9cb e-paragraph-base\" data-interaction-id=\"f7528e7\"  data-e-type=\"widget\" data-id=\"f7528e7\">\n\t\t\t\t\t\t\t\tLo que Hacemos por Ti\n\t\t\t\t\t<\/p>\n\t\t\t\t\t\t\t\t<p class=\"e-f7cb58b-0a7127a e-paragraph-base\" data-interaction-id=\"f7cb58b\"  data-e-type=\"widget\" data-id=\"f7cb58b\">\n\t\t\t\t\t\t\t\t<strong>Productos de Primera Calidad:<\/strong> Utilizamos materiales duraderos con acabados de lujo, desde maderas texturizadas hasta espejos con iluminaci\u00f3n LED de alta fidelidad.<strong>Dise\u00f1os Personalizables:<\/strong> Entendemos que cada espacio es diferente, por lo que ofrecemos diversas combinaciones de tama\u00f1os para adaptarnos a tus paredes.<strong>Servicio de Instalaci\u00f3n Local (Miami):<\/strong> Sabemos que la perfecci\u00f3n est\u00e1 en los detalles. Por eso, si te encuentras en el \u00e1rea de Miami y sus alrededores, ofrecemos un <strong>servicio de instalaci\u00f3n profesional por un costo adicional<\/strong>. Nuestro equipo de expertos se encargar\u00e1 del montaje y las conexiones el\u00e9ctricas para que t\u00fa solo te preocupes por disfrutar de tu nuevo espacio. <em>(Nota: El precio de los productos en nuestra tienda no incluye la instalaci\u00f3n).<\/em>\n\t\t\t\t\t<\/p>\n\t\t\t\t<\/div>\n\t\t<div class=\"elementor-element elementor-element-c5d8e14 e-con-full e-flex e-con e-child\" data-id=\"c5d8e14\" data-element_type=\"container\" data-e-type=\"container\">\n\t\t\t\t<\/div>\n\t\t\t\t<\/div>\n\t\t\t\t<\/div>\n\t\t<div class=\"elementor-element elementor-element-c418210 e-con-full e-flex e-con e-parent\" data-id=\"c418210\" data-element_type=\"container\" data-e-type=\"container\">\n\t\t<div class=\"elementor-element elementor-element-56c1e4e e-con-full e-flex e-con e-child\" data-id=\"56c1e4e\" data-element_type=\"container\" data-e-type=\"container\" data-settings=\"{&quot;background_background&quot;:&quot;classic&quot;}\">\n\t\t\t\t<\/div>\n\t\t<div class=\"elementor-element elementor-element-ae5905e e-con-full e-flex e-con e-child\" data-id=\"ae5905e\" data-element_type=\"container\" data-e-type=\"container\" data-settings=\"{&quot;background_background&quot;:&quot;classic&quot;}\">\n\t\t\t\t<div class=\"elementor-element elementor-element-24c0506 elementor-widget elementor-widget-text-editor\" data-id=\"24c0506\" data-element_type=\"widget\" data-e-type=\"widget\" data-widget_type=\"text-editor.default\">\n\t\t\t\t\t\t\t\t\t<p>\u00bfTienes dudas sobre qu\u00e9 tama\u00f1o elegir o deseas programar una instalaci\u00f3n en Miami?\u00a0<\/p>\t\t\t\t\t\t\t\t<\/div>\n\t\t\t\t<div class=\"elementor-element elementor-element-2ce9cb9 elementor-widget elementor-widget-text-editor\" data-id=\"2ce9cb9\" data-element_type=\"widget\" data-e-type=\"widget\" data-widget_type=\"text-editor.default\">\n\t\t\t\t\t\t\t\t\t<p>Estamos aqu\u00ed para ayudarte a hacer realidad tu proyecto.<\/p>\t\t\t\t\t\t\t\t<\/div>\n\t\t\t\t<div class=\"elementor-element elementor-element-b48fc95 elementor-widget elementor-widget-button\" data-id=\"b48fc95\" data-element_type=\"widget\" data-e-type=\"widget\" data-widget_type=\"button.default\">\n\t\t\t\t\t\t\t\t\t\t<a class=\"elementor-button elementor-button-link elementor-size-sm\" href=\"https:\/\/wa.me\/17866228980\">\n\t\t\t\t\t\t<span class=\"elementor-button-content-wrapper\">\n\t\t\t\t\t\t<span class=\"elementor-button-icon\">\n\t\t\t\t<svg aria-hidden=\"true\" class=\"e-font-icon-svg e-fab-whatsapp\" viewBox=\"0 0 448 512\" xmlns=\"http:\/\/www.w3.org\/2000\/svg\"><path d=\"M380.9 97.1C339 55.1 283.2 32 223.9 32c-122.4 0-222 99.6-222 222 0 39.1 10.2 77.3 29.6 111L0 480l117.7-30.9c32.4 17.7 68.9 27 106.1 27h.1c122.3 0 224.1-99.6 224.1-222 0-59.3-25.2-115-67.1-157zm-157 341.6c-33.2 0-65.7-8.9-94-25.7l-6.7-4-69.8 18.3L72 359.2l-4.4-7c-18.5-29.4-28.2-63.3-28.2-98.2 0-101.7 82.8-184.5 184.6-184.5 49.3 0 95.6 19.2 130.4 54.1 34.8 34.9 56.2 81.2 56.1 130.5 0 101.8-84.9 184.6-186.6 184.6zm101.2-138.2c-5.5-2.8-32.8-16.2-37.9-18-5.1-1.9-8.8-2.8-12.5 2.8-3.7 5.6-14.3 18-17.6 21.8-3.2 3.7-6.5 4.2-12 1.4-32.6-16.3-54-29.1-75.5-66-5.7-9.8 5.7-9.1 16.3-30.3 1.8-3.7.9-6.9-.5-9.7-1.4-2.8-12.5-30.1-17.1-41.2-4.5-10.8-9.1-9.3-12.5-9.5-3.2-.2-6.9-.2-10.6-.2-3.7 0-9.7 1.4-14.8 6.9-5.1 5.6-19.4 19-19.4 46.3 0 27.3 19.9 53.7 22.6 57.4 2.8 3.7 39.1 59.7 94.8 83.8 35.2 15.2 49 16.5 66.6 13.9 10.7-1.6 32.8-13.4 37.4-26.4 4.6-13 4.6-24.1 3.2-26.4-1.3-2.5-5-3.9-10.5-6.6z\"><\/path><\/svg>\t\t\t<\/span>\n\t\t\t\t\t\t\t\t\t<span class=\"elementor-button-text\">+1 (786) 622-8980<\/span>\n\t\t\t\t\t<\/span>\n\t\t\t\t\t<\/a>\n\t\t\t\t\t\t\t\t<\/div>\n\t\t\t\t<\/div>\n\t\t\t\t<\/div>\n\t\t\t\t<\/div>\n\t\t","protected":false},"excerpt":{"rendered":"<p>+1 (786) 622-8980 Ordena Ahora Bienvenidos a Glowwall Decor. Somos una empresa con sede en Miami, Florida, especializada en la creaci\u00f3n y venta de piezas de decoraci\u00f3n de interiores de alta gama. Lo que Hacemos por Ti Productos de Primera Calidad: Utilizamos materiales duraderos con acabados de lujo, desde maderas texturizadas hasta espejos con iluminaci\u00f3n [&hellip;]<\/p>\n","protected":false},"author":1,"featured_media":0,"parent":0,"menu_order":0,"comment_status":"closed","ping_status":"closed","template":"elementor_header_footer","meta":{"rs_blank_template":"","rs_page_bg_color":"","slide_template_v7":"","footnotes":""},"class_list":["post-7","page","type-page","status-publish","hentry"],"_links":{"self":[{"href":"https:\/\/glowwalldecor.com\/index.php\/wp-json\/wp\/v2\/pages\/7","targetHints":{"allow":["GET"]}}],"collection":[{"href":"https:\/\/glowwalldecor.com\/index.php\/wp-json\/wp\/v2\/pages"}],"about":[{"href":"https:\/\/glowwalldecor.com\/index.php\/wp-json\/wp\/v2\/types\/page"}],"author":[{"embeddable":true,"href":"https:\/\/glowwalldecor.com\/index.php\/wp-json\/wp\/v2\/users\/1"}],"replies":[{"embeddable":true,"href":"https:\/\/glowwalldecor.com\/index.php\/wp-json\/wp\/v2\/comments?post=7"}],"version-history":[{"count":86,"href":"https:\/\/glowwalldecor.com\/index.php\/wp-json\/wp\/v2\/pages\/7\/revisions"}],"predecessor-version":[{"id":134,"href":"https:\/\/glowwalldecor.com\/index.php\/wp-json\/wp\/v2\/pages\/7\/revisions\/134"}],"wp:attachment":[{"href":"https:\/\/glowwalldecor.com\/index.php\/wp-json\/wp\/v2\/media?parent=7"}],"curies":[{"name":"wp","href":"https:\/\/api.w.org\/{rel}","templated":true}]}}